{"id":11530,"date":"2025-04-29T16:34:12","date_gmt":"2025-04-29T14:34:12","guid":{"rendered":"http:\/\/www.designplanung.de\/projekt-007\/?page_id=11530"},"modified":"2025-04-29T16:40:37","modified_gmt":"2025-04-29T14:40:37","slug":"ueber-uns","status":"publish","type":"page","link":"http:\/\/www.designplanung.de\/projekt-007\/ueber-uns\/","title":{"rendered":"\u00dcber uns"},"content":{"rendered":"<div id='av_section_1'  class='avia-section av-detrzl6-66c3ecffebfcc3223dd105759a3cc4fc footer_color avia-section-default avia-no-border-styling  avia-builder-el-0  el_before_av_section  avia-builder-el-first  avia-bg-style-scroll av-minimum-height av-minimum-height-50 av-height-percent  container_wrap sidebar_right'   data-av_minimum_height_pc='50' data-av_min_height_opt='percent'><div class='container av-section-cont-open' ><main  role=\"main\" itemprop=\"mainContentOfPage\"  class='template-page content  av-content-small alpha units'><div class='post-entry post-entry-type-page post-entry-11530'><div class='entry-content-wrapper clearfix'>\n<div class='flex_column_table av-d0az9ai-29595f8d65430094991cdcf0ced2d470 sc-av_three_fifth av-equal-height-column-flextable'>\n<style type=\"text\/css\" data-created_by=\"avia_inline_auto\" id=\"style-css-av-d0az9ai-29595f8d65430094991cdcf0ced2d470\">\n.flex_column.av-d0az9ai-29595f8d65430094991cdcf0ced2d470{\npadding:0px 0px 0px 0px;\n}\n<\/style>\n<div  class='flex_column av-d0az9ai-29595f8d65430094991cdcf0ced2d470 av_three_fifth  avia-builder-el-1  el_before_av_two_fifth  avia-builder-el-first  first flex_column_table_cell av-equal-height-column av-align-middle av-animated-generic bottom-to-top av-zero-column-padding  '     ><section  class='av_textblock_section av-ckmx6ru-a0acfba85a6199653e517cbb8b876d58 '   itemscope=\"itemscope\" itemtype=\"https:\/\/schema.org\/CreativeWork\" ><div class='avia_textblock'  itemprop=\"text\" ><h1 style=\"text-align: left;\">SEO Headline<\/h1>\n<p style=\"text-align: left;\">Hier kommt der so genannte SEO Text hin. Also ein etwas umfangreicherer Text, in dem die wichtigen Begriffe enthalten sind. Der Text kann auch hier nur kurz und daf\u00fcr unter dem eigentlichen Inhalt der Seite etwas l\u00e4nger sein. Hier kommt der so genannte SEO Text hin. Also ein etwas umfangreicherer Text, in dem die wichtigen Begriffe enthalten sind. Der Text kann auch hier nur kurz und daf\u00fcr unter dem eigentlichen Inhalt der Seite etwas l\u00e4nger sein.<\/p>\n<\/div><\/section><\/div><div class='av-flex-placeholder'><\/div>\n<style type=\"text\/css\" data-created_by=\"avia_inline_auto\" id=\"style-css-av-uncr62-a99f5f88da71639e56b13fffab30f2a5\">\n.flex_column.av-uncr62-a99f5f88da71639e56b13fffab30f2a5{\npadding:4% 4% 4% 4%;\nbackground-color:rgba(255,255,255,0.18);\n}\n<\/style>\n<div  class='flex_column av-uncr62-a99f5f88da71639e56b13fffab30f2a5 av_two_fifth  avia-builder-el-3  el_after_av_three_fifth  avia-builder-el-last  flex_column_table_cell av-equal-height-column av-align-middle av-animated-generic bottom-to-top  '     ><style type=\"text\/css\" data-created_by=\"avia_inline_auto\" id=\"style-css-av-ma2m0ifn-054754192dec4ab18fa13c0255d1b7b8\">\n.avia-image-container.av-ma2m0ifn-054754192dec4ab18fa13c0255d1b7b8 img.avia_image{\nbox-shadow:none;\n}\n.avia-image-container.av-ma2m0ifn-054754192dec4ab18fa13c0255d1b7b8 .av-image-caption-overlay-center{\ncolor:#ffffff;\n}\n<\/style>\n<div  class='avia-image-container av-ma2m0ifn-054754192dec4ab18fa13c0255d1b7b8 av-styling- avia-align-center  avia-builder-el-4  avia-builder-el-no-sibling '   itemprop=\"image\" itemscope=\"itemscope\" itemtype=\"https:\/\/schema.org\/ImageObject\" ><div class=\"avia-image-container-inner\"><div class=\"avia-image-overlay-wrap\"><img decoding=\"async\" fetchpriority=\"high\" class='wp-image-11319 avia-img-lazy-loading-not-11319 avia_image ' src=\"http:\/\/www.designplanung.de\/projekt-007\/wp-content\/uploads\/2025\/04\/Mia-Bau-Handwerker.png\" alt='' title='Mia-Bau-Handwerker'  height=\"200\" width=\"360\"  itemprop=\"thumbnailUrl\" srcset=\"http:\/\/www.designplanung.de\/projekt-007\/wp-content\/uploads\/2025\/04\/Mia-Bau-Handwerker.png 360w, http:\/\/www.designplanung.de\/projekt-007\/wp-content\/uploads\/2025\/04\/Mia-Bau-Handwerker-300x167.png 300w\" sizes=\"(max-width: 360px) 100vw, 360px\" \/><\/div><\/div><\/div><\/div><\/div><!--close column table wrapper. Autoclose: 1 -->\n\n<\/div><\/div><\/main><!-- close content main element --><\/div><\/div><div id='av_section_2'  class='avia-section av-ahz82lm-c618ce1cfeb9242dca0e495cf38ed87f main_color avia-section-no-padding avia-shadow  avia-builder-el-5  el_after_av_section  el_before_av_section  avia-bg-style-scroll container_wrap sidebar_right'  ><div class='container av-section-cont-open' ><div class='template-page content  av-content-small alpha units'><div class='post-entry post-entry-type-page post-entry-11530'><div class='entry-content-wrapper clearfix'>\n\n<style type=\"text\/css\" data-created_by=\"avia_inline_auto\" id=\"style-css-av-9wpgcbu-2900cb897033757cff184736a123aac0\">\n#top .hr.hr-invisible.av-9wpgcbu-2900cb897033757cff184736a123aac0{\nheight:50px;\n}\n<\/style>\n<div  class='hr av-9wpgcbu-2900cb897033757cff184736a123aac0 hr-invisible  avia-builder-el-6  el_before_av_two_fifth  avia-builder-el-first '><span class='hr-inner '><span class=\"hr-inner-style\"><\/span><\/span><\/div>\n<div class='flex_column_table av-9jkyqne-1db84065b6fe8e5881d1cda45ad14be3 sc-av_two_fifth av-break-at-tablet-flextable av-equal-height-column-flextable'>\n<style type=\"text\/css\" data-created_by=\"avia_inline_auto\" id=\"style-css-av-9jkyqne-1db84065b6fe8e5881d1cda45ad14be3\">\n.flex_column.av-9jkyqne-1db84065b6fe8e5881d1cda45ad14be3{\nz-index:99;\npadding:4% 4% 4% 4%;\nbackground-color:#f7f7f7;\n}\n<\/style>\n<div  class='flex_column av-9jkyqne-1db84065b6fe8e5881d1cda45ad14be3 av_two_fifth  avia-builder-el-7  el_after_av_hr  el_before_av_three_fifth  first no_margin av-break-at-tablet flex_column_table_cell av-equal-height-column av-align-top av-animated-generic bottom-to-top av-custom-positioned  '     ><p>\n<style type=\"text\/css\" data-created_by=\"avia_inline_auto\" id=\"style-css-av-8ujibm2-fbc078348cb5c4d24f953aaffb8550f4\">\n#top .av-special-heading.av-8ujibm2-fbc078348cb5c4d24f953aaffb8550f4{\npadding-bottom:10px;\n}\nbody .av-special-heading.av-8ujibm2-fbc078348cb5c4d24f953aaffb8550f4 .av-special-heading-tag .heading-char{\nfont-size:25px;\n}\n.av-special-heading.av-8ujibm2-fbc078348cb5c4d24f953aaffb8550f4 .av-subheading{\nfont-size:15px;\n}\n<\/style>\n<div  class='av-special-heading av-8ujibm2-fbc078348cb5c4d24f953aaffb8550f4 av-special-heading-h2 blockquote modern-quote  avia-builder-el-8  el_before_av_textblock  avia-builder-el-first '><h2 class='av-special-heading-tag'  itemprop=\"headline\"  >Fliesen und Bodenbel\u00e4ge<\/h2><div class=\"special-heading-border\"><div class=\"special-heading-inner-border\"><\/div><\/div><\/div><br \/>\n<section  class='av_textblock_section av-8ocyhoq-1aff1631eb467bc72ccf5bf87927583c '   itemscope=\"itemscope\" itemtype=\"https:\/\/schema.org\/CreativeWork\" ><div class='avia_textblock'  itemprop=\"text\" ><p>Wir bieten Ihnen professionelle Fliesen- und Bodenverlegungsarbeiten f\u00fcr Innen- und Au\u00dfenbereiche. Egal, ob Neubau, Renovierung oder Sanierung \u2013 unser erfahrenes Team sorgt f\u00fcr eine pr\u00e4zise, langlebige und \u00e4sthetische Umsetzung Ihrer Boden- und Wandgestaltung.<\/p>\n<\/div><\/section><\/p><\/div>\n<style type=\"text\/css\" data-created_by=\"avia_inline_auto\" id=\"style-css-av-87ucvu2-dea34db4c7bcceaf8d4f59b359d436f7\">\n.flex_column.av-87ucvu2-dea34db4c7bcceaf8d4f59b359d436f7{\nz-index:99;\npadding:4% 4% 4% 4%;\nbackground:url(http:\/\/www.designplanung.de\/projekt-007\/wp-content\/uploads\/2025\/04\/bad-fliesen.jpg) 50% 50% no-repeat scroll #f7f7f7;\n}\n<\/style>\n<div  class='flex_column av-87ucvu2-dea34db4c7bcceaf8d4f59b359d436f7 av_three_fifth  avia-builder-el-10  el_after_av_two_fifth  avia-builder-el-last  no_margin av-break-at-tablet flex_column_table_cell av-equal-height-column av-align-top av-animated-generic bottom-to-top av-custom-positioned avia-full-stretch  '     ><\/div><\/div><!--close column table wrapper. Autoclose: 1 -->\n\n<\/div><\/div><\/div><!-- close content main div --><\/div><\/div><div id='av_section_3'  class='avia-section av-7fi8rxm-6d66f279babefa850a77d5e03373c051 main_color avia-section-no-padding avia-no-border-styling  avia-builder-el-11  el_after_av_section  el_before_av_section  avia-bg-style-scroll container_wrap sidebar_right'  ><div class='container av-section-cont-open' ><div class='template-page content  av-content-small alpha units'><div class='post-entry post-entry-type-page post-entry-11530'><div class='entry-content-wrapper clearfix'>\n<div class='flex_column_table av-715p3hm-366a85b1afebe0281c121c12fccbe42f sc-av_three_fifth av-break-at-tablet-flextable av-equal-height-column-flextable'>\n<style type=\"text\/css\" data-created_by=\"avia_inline_auto\" id=\"style-css-av-715p3hm-366a85b1afebe0281c121c12fccbe42f\">\n.flex_column.av-715p3hm-366a85b1afebe0281c121c12fccbe42f{\nz-index:99;\npadding:4% 4% 4% 4%;\nbackground:url(http:\/\/www.designplanung.de\/projekt-007\/wp-content\/uploads\/2025\/04\/trockenbau-hanau.jpg) 50% 50% no-repeat scroll #f7f7f7;\n}\n<\/style>\n<div  class='flex_column av-715p3hm-366a85b1afebe0281c121c12fccbe42f av_three_fifth  avia-builder-el-12  el_before_av_two_fifth  avia-builder-el-first  first no_margin av-break-at-tablet flex_column_table_cell av-equal-height-column av-align-top av-animated-generic bottom-to-top av-custom-positioned avia-full-stretch  '     ><\/div>\n<style type=\"text\/css\" data-created_by=\"avia_inline_auto\" id=\"style-css-av-6qtj18q-b277ca4f2d926a5e25baffaf4583a96c\">\n.flex_column.av-6qtj18q-b277ca4f2d926a5e25baffaf4583a96c{\nz-index:99;\npadding:4% 4% 4% 4%;\nbackground-color:#f7f7f7;\n}\n<\/style>\n<div  class='flex_column av-6qtj18q-b277ca4f2d926a5e25baffaf4583a96c av_two_fifth  avia-builder-el-13  el_after_av_three_fifth  avia-builder-el-last  no_margin av-break-at-tablet flex_column_table_cell av-equal-height-column av-align-top av-animated-generic bottom-to-top av-custom-positioned  '     ><p>\n<style type=\"text\/css\" data-created_by=\"avia_inline_auto\" id=\"style-css-av-618lqq2-064656e93bee8a0fade3c182d110b987\">\n#top .av-special-heading.av-618lqq2-064656e93bee8a0fade3c182d110b987{\npadding-bottom:10px;\n}\nbody .av-special-heading.av-618lqq2-064656e93bee8a0fade3c182d110b987 .av-special-heading-tag .heading-char{\nfont-size:25px;\n}\n.av-special-heading.av-618lqq2-064656e93bee8a0fade3c182d110b987 .av-subheading{\nfont-size:15px;\n}\n<\/style>\n<div  class='av-special-heading av-618lqq2-064656e93bee8a0fade3c182d110b987 av-special-heading-h3 blockquote modern-quote  avia-builder-el-14  el_before_av_textblock  avia-builder-el-first '><h3 class='av-special-heading-tag'  itemprop=\"headline\"  >Trockenbau \/ Innenausbau<\/h3><div class=\"special-heading-border\"><div class=\"special-heading-inner-border\"><\/div><\/div><\/div><br \/>\n<section  class='av_textblock_section av-kfcq5m-808f6f12f36c32abbd2f2db32da81747 '   itemscope=\"itemscope\" itemtype=\"https:\/\/schema.org\/CreativeWork\" ><div class='avia_textblock'  itemprop=\"text\" ><p>Verlassen Sie sich auf unser handwerkliches K\u00f6nnen und unsere langj\u00e4hrige Erfahrung in der Modernisierung, Renovierung und Instandsetzung von privaten Geb\u00e4uden, Wohnh\u00e4usern sowie gewerblichen Objekten.<\/p>\n<\/div><\/section><\/p><\/div><\/div><!--close column table wrapper. Autoclose: 1 -->\n\n<\/div><\/div><\/div><!-- close content main div --><\/div><\/div><div id='av_section_4'  class='avia-section av-jr03ii-85116cb0d974d4f17327d89ad41f42da main_color avia-section-no-padding avia-no-border-styling  avia-builder-el-16  el_after_av_section  el_before_av_section  avia-bg-style-scroll container_wrap sidebar_right'  ><div class='container av-section-cont-open' ><div class='template-page content  av-content-small alpha units'><div class='post-entry post-entry-type-page post-entry-11530'><div class='entry-content-wrapper clearfix'>\n<div class='flex_column_table av-4rx7w16-80eecbc00cf18aaeb6f4ebdf9b67db4e sc-av_two_fifth av-break-at-tablet-flextable av-equal-height-column-flextable'>\n<style type=\"text\/css\" data-created_by=\"avia_inline_auto\" id=\"style-css-av-4rx7w16-80eecbc00cf18aaeb6f4ebdf9b67db4e\">\n.flex_column.av-4rx7w16-80eecbc00cf18aaeb6f4ebdf9b67db4e{\nz-index:99;\npadding:4% 4% 4% 4%;\nbackground-color:#f7f7f7;\n}\n<\/style>\n<div  class='flex_column av-4rx7w16-80eecbc00cf18aaeb6f4ebdf9b67db4e av_two_fifth  avia-builder-el-17  el_before_av_three_fifth  avia-builder-el-first  first no_margin av-break-at-tablet flex_column_table_cell av-equal-height-column av-align-top av-animated-generic bottom-to-top av-custom-positioned  '     ><p>\n<style type=\"text\/css\" data-created_by=\"avia_inline_auto\" id=\"style-css-av-4aou7oq-064181ba920339200b0a0fd9369b6179\">\n#top .av-special-heading.av-4aou7oq-064181ba920339200b0a0fd9369b6179{\npadding-bottom:10px;\n}\nbody .av-special-heading.av-4aou7oq-064181ba920339200b0a0fd9369b6179 .av-special-heading-tag .heading-char{\nfont-size:25px;\n}\n.av-special-heading.av-4aou7oq-064181ba920339200b0a0fd9369b6179 .av-subheading{\nfont-size:15px;\n}\n<\/style>\n<div  class='av-special-heading av-4aou7oq-064181ba920339200b0a0fd9369b6179 av-special-heading-h3 blockquote modern-quote  avia-builder-el-18  el_before_av_textblock  avia-builder-el-first '><h3 class='av-special-heading-tag'  itemprop=\"headline\"  >Farbgestaltung und Tapezierarbeiten<\/h3><div class=\"special-heading-border\"><div class=\"special-heading-inner-border\"><\/div><\/div><\/div><br \/>\n<section  class='av_textblock_section av-40i5c7e-a291046d6740e55eb2d4b049ac6eb5c1 '   itemscope=\"itemscope\" itemtype=\"https:\/\/schema.org\/CreativeWork\" ><div class='avia_textblock'  itemprop=\"text\" ><p>Wir bringen Farbe in Ihre R\u00e4ume! Ob klassische Maler- und Lackierarbeiten, moderne Gestaltungskonzepte oder eine umfassende Renovierung und Neugestaltung \u2013 wir sind Ihr erfahrener Partner f\u00fcr hochwertige Farb- und Wandgestaltung.<\/p>\n<\/div><\/section><\/p><\/div>\n<style type=\"text\/css\" data-created_by=\"avia_inline_auto\" id=\"style-css-av-3aq0p9m-1e8d2792dc1e3364eb166026eeda1d91\">\n.flex_column.av-3aq0p9m-1e8d2792dc1e3364eb166026eeda1d91{\nz-index:99;\npadding:4% 4% 4% 4%;\nbackground:url(http:\/\/www.designplanung.de\/projekt-007\/wp-content\/uploads\/2025\/04\/tapezierarbeiten.jpg) 50% 50% no-repeat scroll #f7f7f7;\n}\n<\/style>\n<div  class='flex_column av-3aq0p9m-1e8d2792dc1e3364eb166026eeda1d91 av_three_fifth  avia-builder-el-20  el_after_av_two_fifth  avia-builder-el-last  no_margin av-break-at-tablet flex_column_table_cell av-equal-height-column av-align-top av-animated-generic bottom-to-top av-custom-positioned avia-full-stretch  '     ><\/div><\/div><!--close column table wrapper. Autoclose: 1 -->\n\n<\/div><\/div><\/div><!-- close content main div --><\/div><\/div><div id='av_section_5'  class='avia-section av-36iqgga-2b8ab4e10ce8588c85d955aee127a8e2 main_color avia-section-no-padding avia-no-border-styling  avia-builder-el-21  el_after_av_section  avia-builder-el-last  avia-bg-style-scroll container_wrap sidebar_right'  ><div class='container av-section-cont-open' ><div class='template-page content  av-content-small alpha units'><div class='post-entry post-entry-type-page post-entry-11530'><div class='entry-content-wrapper clearfix'>\n<div class='flex_column_table av-2pfeyqy-7efc2061d11eb1b3e8fb8da9b5f3ff80 sc-av_three_fifth av-break-at-tablet-flextable av-equal-height-column-flextable'>\n<style type=\"text\/css\" data-created_by=\"avia_inline_auto\" id=\"style-css-av-2pfeyqy-7efc2061d11eb1b3e8fb8da9b5f3ff80\">\n.flex_column.av-2pfeyqy-7efc2061d11eb1b3e8fb8da9b5f3ff80{\nz-index:99;\npadding:4% 4% 4% 4%;\nbackground:url(http:\/\/www.designplanung.de\/projekt-007\/wp-content\/uploads\/2025\/04\/abbrucharbeiten.jpg) 50% 50% no-repeat scroll #f7f7f7;\n}\n<\/style>\n<div  class='flex_column av-2pfeyqy-7efc2061d11eb1b3e8fb8da9b5f3ff80 av_three_fifth  avia-builder-el-22  el_before_av_two_fifth  avia-builder-el-first  first no_margin av-break-at-tablet flex_column_table_cell av-equal-height-column av-align-top av-animated-generic bottom-to-top av-custom-positioned avia-full-stretch  '     ><\/div>\n<style type=\"text\/css\" data-created_by=\"avia_inline_auto\" id=\"style-css-av-1w9rr8q-e0696e560e62acd0d3efa994e48af303\">\n.flex_column.av-1w9rr8q-e0696e560e62acd0d3efa994e48af303{\nz-index:99;\npadding:4% 4% 4% 4%;\nbackground-color:#f7f7f7;\n}\n<\/style>\n<div  class='flex_column av-1w9rr8q-e0696e560e62acd0d3efa994e48af303 av_two_fifth  avia-builder-el-23  el_after_av_three_fifth  el_before_av_hr  no_margin av-break-at-tablet flex_column_table_cell av-equal-height-column av-align-top av-animated-generic bottom-to-top av-custom-positioned  '     ><p>\n<style type=\"text\/css\" data-created_by=\"avia_inline_auto\" id=\"style-css-av-1ie2n7u-d3c78598e8e436dae339c48806abfd10\">\n#top .av-special-heading.av-1ie2n7u-d3c78598e8e436dae339c48806abfd10{\npadding-bottom:10px;\n}\nbody .av-special-heading.av-1ie2n7u-d3c78598e8e436dae339c48806abfd10 .av-special-heading-tag .heading-char{\nfont-size:25px;\n}\n.av-special-heading.av-1ie2n7u-d3c78598e8e436dae339c48806abfd10 .av-subheading{\nfont-size:15px;\n}\n<\/style>\n<div  class='av-special-heading av-1ie2n7u-d3c78598e8e436dae339c48806abfd10 av-special-heading-h3 blockquote modern-quote  avia-builder-el-24  el_before_av_textblock  avia-builder-el-first '><h3 class='av-special-heading-tag'  itemprop=\"headline\"  >Abbruch und Entsorgung<\/h3><div class=\"special-heading-border\"><div class=\"special-heading-inner-border\"><\/div><\/div><\/div><br \/>\n<section  class='av_textblock_section av-15ff39m-1fac4e16f4d514168369547e09b19d89 '   itemscope=\"itemscope\" itemtype=\"https:\/\/schema.org\/CreativeWork\" ><div class='avia_textblock'  itemprop=\"text\" ><p>Profitieren Sie von unserer langj\u00e4hrigen Erfahrung und Kompetenz in den Bereichen Abbruch, Demontage, Entkernung, Recycling und Entsorgung unterschiedlichster Baustoffe \u2013 sowohl im privaten als auch im \u00f6ffentlichen Sektor.<\/p>\n<\/div><\/section><\/p><\/div><\/div><!--close column table wrapper. Autoclose: 1 -->\n<style type=\"text\/css\" data-created_by=\"avia_inline_auto\" id=\"style-css-av-oju8fe-8130af8bc6690c4373c3221f114af971\">\n#top .hr.hr-invisible.av-oju8fe-8130af8bc6690c4373c3221f114af971{\nheight:66px;\n}\n<\/style>\n<div  class='hr av-oju8fe-8130af8bc6690c4373c3221f114af971 hr-invisible  avia-builder-el-26  el_after_av_two_fifth  avia-builder-el-last '><span class='hr-inner '><span class=\"hr-inner-style\"><\/span><\/span><\/div>\n<\/div><\/div><\/div><!-- close content main div --><\/div><\/div><div id='after_section_5'  class='main_color av_default_container_wrap container_wrap sidebar_right'  ><div class='container av-section-cont-open' ><div class='template-page content  av-content-small alpha units'><div class='post-entry post-entry-type-page post-entry-11530'><div class='entry-content-wrapper clearfix'>\n","protected":false},"excerpt":{"rendered":"","protected":false},"author":1,"featured_media":11251,"parent":0,"menu_order":0,"comment_status":"closed","ping_status":"closed","template":"","meta":{"footnotes":""},"class_list":["post-11530","page","type-page","status-publish","has-post-thumbnail","hentry"],"_links":{"self":[{"href":"http:\/\/www.designplanung.de\/projekt-007\/wp-json\/wp\/v2\/pages\/11530","targetHints":{"allow":["GET"]}}],"collection":[{"href":"http:\/\/www.designplanung.de\/projekt-007\/wp-json\/wp\/v2\/pages"}],"about":[{"href":"http:\/\/www.designplanung.de\/projekt-007\/wp-json\/wp\/v2\/types\/page"}],"author":[{"embeddable":true,"href":"http:\/\/www.designplanung.de\/projekt-007\/wp-json\/wp\/v2\/users\/1"}],"replies":[{"embeddable":true,"href":"http:\/\/www.designplanung.de\/projekt-007\/wp-json\/wp\/v2\/comments?post=11530"}],"version-history":[{"count":12,"href":"http:\/\/www.designplanung.de\/projekt-007\/wp-json\/wp\/v2\/pages\/11530\/revisions"}],"predecessor-version":[{"id":11580,"href":"http:\/\/www.designplanung.de\/projekt-007\/wp-json\/wp\/v2\/pages\/11530\/revisions\/11580"}],"wp:featuredmedia":[{"embeddable":true,"href":"http:\/\/www.designplanung.de\/projekt-007\/wp-json\/wp\/v2\/media\/11251"}],"wp:attachment":[{"href":"http:\/\/www.designplanung.de\/projekt-007\/wp-json\/wp\/v2\/media?parent=11530"}],"curies":[{"name":"wp","href":"https:\/\/api.w.org\/{rel}","templated":true}]}}