{"id":11511,"date":"2025-04-29T16:10:36","date_gmt":"2025-04-29T14:10:36","guid":{"rendered":"http:\/\/www.designplanung.de\/projekt-007\/?page_id=11511"},"modified":"2025-05-12T13:40:35","modified_gmt":"2025-05-12T11:40:35","slug":"angebot-erhalten","status":"publish","type":"page","link":"http:\/\/www.designplanung.de\/projekt-007\/angebot-erhalten\/","title":{"rendered":"Angebot erhalten"},"content":{"rendered":"<div id='av_section_1'  class='avia-section av-5518cev-5c12fc326dbdcec1fea7291d8131afa1 footer_color avia-section-large avia-no-border-styling  avia-builder-el-0  el_before_av_section  avia-builder-el-first  avia-bg-style-scroll av-minimum-height av-minimum-height-50 av-height-50  container_wrap sidebar_right'   data-av_minimum_height_pc='50' data-av_min_height_opt='50'><div class='container av-section-cont-open' ><main  role=\"main\" itemprop=\"mainContentOfPage\"  class='template-page content  av-content-small alpha units'><div class='post-entry post-entry-type-page post-entry-11511'><div class='entry-content-wrapper clearfix'>\n<section  class='av_textblock_section av-ma2l5cpf-ddc2cfa559ebce088b885a891c8d82f1 '   itemscope=\"itemscope\" itemtype=\"https:\/\/schema.org\/CreativeWork\" ><div class='avia_textblock'  itemprop=\"text\" ><h1 style=\"text-align: center;\">Jetzt Angebot erhalten<\/h1>\n<p style=\"text-align: center;\">Fliesenlegen, Trockenbau Wand\/ Decke, Badsanierung, Verputzen, Wand\/Decke streichen usw&#8230;<\/p>\n<\/div><\/section>\n\n<\/div><\/div><\/main><!-- close content main element --><\/div><\/div><div id='av_section_2'  class='avia-section av-ma2l5r70-226a0dbfaf3359ebb392376d9328114e main_color avia-section-huge avia-shadow  avia-builder-el-2  el_after_av_section  avia-builder-el-last  avia-bg-style-scroll container_wrap sidebar_right'  ><div class='container av-section-cont-open' ><div class='template-page content  av-content-small alpha units'><div class='post-entry post-entry-type-page post-entry-11511'><div class='entry-content-wrapper clearfix'>\n<section  class='av_textblock_section av-mal0elcb-14f9217333a4cfe273da361d75eca17a '   itemscope=\"itemscope\" itemtype=\"https:\/\/schema.org\/CreativeWork\" ><div class='avia_textblock'  itemprop=\"text\" ><h2>F\u00fcr ein Angebot f\u00fcllen Sie bitte das Formular aus<\/h2>\n<\/div><\/section>\n\n<style type=\"text\/css\" data-created_by=\"avia_inline_auto\" id=\"style-css-av-33iupmf-71483ff75c44bad5f0dd12b3750e183d\">\n#top .flex_column.av-33iupmf-71483ff75c44bad5f0dd12b3750e183d{\nmargin-bottom:-50px;\n}\n.flex_column.av-33iupmf-71483ff75c44bad5f0dd12b3750e183d{\nz-index:99;\npadding:0px 0px 0px 0px;\n}\n.responsive #top #wrap_all .flex_column.av-33iupmf-71483ff75c44bad5f0dd12b3750e183d{\nmargin-bottom:-50px;\n}\n<\/style>\n<div  class='flex_column av-33iupmf-71483ff75c44bad5f0dd12b3750e183d av_three_fifth  avia-builder-el-4  el_after_av_textblock  el_before_av_two_fifth  first av-break-at-tablet flex_column_div av-animated-generic bottom-to-top av-custom-positioned av-zero-column-padding avia-full-stretch  column-top-margin'     ><p><form action=\"http:\/\/www.designplanung.de\/projekt-007\/angebot-erhalten\/\" method=\"post\" data-fields-with-error=\"Found errors in the following field(s):\" class=\"avia_ajax_form av-form-labels-visible   avia-builder-el-5  el_before_av_textblock  avia-builder-el-first   \" data-avia-form-id=\"1\" data-avia-redirect='' ><fieldset><p class='  first_form  form_element form_element_half' id='element_avia_1_1'><label for=\"avia_1_1\">Um welchen Auftrag geht es<\/label><select  name=\"avia_1_1\" class=\"select \" id=\"avia_1_1\"><option   value='bitte w\u00e4hlen Sie'>bitte w\u00e4hlen Sie<\/option><option   value='Fliesenlegen'>Fliesenlegen<\/option><option   value='Trockenbau Wand\/ Decke'>Trockenbau Wand\/ Decke<\/option><option   value='Badsanierung'>Badsanierung<\/option><option   value='Verputzen'>Verputzen<\/option><option   value='Wand\/Decke streichen'>Wand\/Decke streichen<\/option><option   value='sonstiges'>sonstiges<\/option><\/select><\/p><p class='  form_element form_element_half' id='element_avia_2_1'><label for=\"avia_2_1\">Auftragsort <abbr class=\"required\" title=\"ben\u00f6tigt\">*<\/abbr><\/label> <input name=\"avia_2_1\" class=\"text_input is_empty\" type=\"text\" id=\"avia_2_1\" value=\"\" \/><\/p><p class='  first_form  form_element form_fullwidth' id='element_avia_3_1'><label for=\"avia_3_1\">Ungef\u00e4hrer Auftrags-Umfang<\/label> <input name=\"avia_3_1\" class=\"text_input \" type=\"text\" id=\"avia_3_1\" value=\"\" \/><\/p><p class='  first_form  form_element form_element_half' id='element_avia_4_1'><label for=\"avia_4_1\">Wann soll es ausgef\u00fchrt werden?<\/label> <input name=\"avia_4_1\" class=\"avia_datepicker text_input \" type=\"text\" id=\"avia_4_1\" value=\"\" placeholder=\"DD \/ MM \/ YY\" inputmode=\"none\" \/><\/p><p class='  form_element form_element_half' id='element_avia_5_1'><label for=\"avia_5_1\">Auftraggeber Name, Vornahme <abbr class=\"required\" title=\"ben\u00f6tigt\">*<\/abbr><\/label> <input name=\"avia_5_1\" class=\"text_input is_empty\" type=\"text\" id=\"avia_5_1\" value=\"\" \/><\/p><p class='  first_form  form_element form_element_half' id='element_avia_6_1'><label for=\"avia_6_1\">Auftraggeber E-Mail <abbr class=\"required\" title=\"ben\u00f6tigt\">*<\/abbr><\/label> <input name=\"avia_6_1\" class=\"text_input is_email\" type=\"text\" id=\"avia_6_1\" value=\"\" \/><\/p><p class='  form_element form_element_half' id='element_avia_7_1'><label for=\"avia_7_1\">Auftraggeber Telefonnummer <abbr class=\"required\" title=\"ben\u00f6tigt\">*<\/abbr><\/label> <input name=\"avia_7_1\" class=\"text_input is_phone\" type=\"text\" id=\"avia_7_1\" value=\"\" \/><\/p><p class='  first_form  form_element form_fullwidth' id='element_avia_8_1'><label for=\"avia_8_1\" class=\"textare_label hidden textare_label_avia_8_1\">Nachricht<\/label><textarea  name=\"avia_8_1\" class=\"text_area \" cols=\"40\" rows=\"7\" id=\"avia_8_1\" ><\/textarea><\/p><p class=\"hidden\"><input type=\"text\" name=\"avia_9_1\" class=\"hidden \" id=\"avia_9_1\" value=\"\" \/><\/p><p class='   form_element form_fullwidth' id='element_avia_10_1'><span class='value_verifier_label'>0 + 4 = ?<\/span><input name=\"avia_10_1_verifier\" type=\"hidden\" id=\"avia_10_1_verifier\" value=\"342747184\"\/><label for=\"avia_10_1\">Bitte l\u00f6se die Gleichung. Diese Ma\u00dfnahme dient der Abwehr von Spam <abbr class=\"required\" title=\"ben\u00f6tigt\">*<\/abbr><\/label><input name=\"avia_10_1\" class=\"text_input captcha\" type=\"text\" id=\"avia_10_1\" value=\"\"\/><\/p><p class=\"form_element \"><input type=\"hidden\" value=\"1\" name=\"avia_generated_form1\" \/><input type=\"submit\" value=\"Senden\" class=\"button\"  data-sending-label=\"Sende\"\/><\/p><\/fieldset><\/form><div id=\"ajaxresponse_1\" class=\"ajaxresponse ajaxresponse_1 hidden\"><\/div><br \/>\n<section  class='av_textblock_section av-mal05z6k-3d27dba36c5e86f5a71a0cc73ae416cf '   itemscope=\"itemscope\" itemtype=\"https:\/\/schema.org\/CreativeWork\" ><div class='avia_textblock'  itemprop=\"text\" ><p style=\"text-align: left;\">Danke f\u00fcr Ihre Anfrage. Wir melden uns bei Ihnen in den n\u00e4chsten 1-2 Werktagen zur\u00fcck.<\/p>\n<\/div><\/section><\/p><\/div>\n<style type=\"text\/css\" data-created_by=\"avia_inline_auto\" id=\"style-css-av-4azbfx3-2160ab4947fae0a5957b94a3fa1f882a\">\n#top .flex_column.av-4azbfx3-2160ab4947fae0a5957b94a3fa1f882a{\nmargin-bottom:-50px;\n}\n.flex_column.av-4azbfx3-2160ab4947fae0a5957b94a3fa1f882a{\nz-index:99;\npadding:4% 4% 4% 4%;\nbackground-color:#f7f7f7;\n}\n.responsive #top #wrap_all .flex_column.av-4azbfx3-2160ab4947fae0a5957b94a3fa1f882a{\nmargin-bottom:-50px;\n}\n<\/style>\n<div  class='flex_column av-4azbfx3-2160ab4947fae0a5957b94a3fa1f882a av_two_fifth  avia-builder-el-7  el_after_av_three_fifth  avia-builder-el-last  av-break-at-tablet flex_column_div av-animated-generic bottom-to-top av-custom-positioned  column-top-margin'     ><section  class='av_textblock_section av-3a4to47-7fcd3444d23a97f5035013493adcf823 '   itemscope=\"itemscope\" itemtype=\"https:\/\/schema.org\/CreativeWork\" ><div class='avia_textblock'  itemprop=\"text\" ><h3>Ein Versprechen<\/h3>\n<p>Nach einer kurzen Terminabstimmung k\u00f6nnen wir Sie im Raum Frankfurt, Darmstadt, Bad Homburg, Rhein-Main-, Offenbach- sowie Main-Taunus-Kreis besichtigen und Sie \u00fcber Ihre Bauvorhaben kostenlos beraten.<\/p>\n<p><img loading=\"lazy\" decoding=\"async\" class=\"alignnone wp-image-11319\" src=\"http:\/\/www.designplanung.de\/projekt-007\/wp-content\/uploads\/2025\/04\/Mia-Bau-Handwerker-300x167.png\" alt=\"\" width=\"181\" height=\"101\" srcset=\"http:\/\/www.designplanung.de\/projekt-007\/wp-content\/uploads\/2025\/04\/Mia-Bau-Handwerker-300x167.png 300w, http:\/\/www.designplanung.de\/projekt-007\/wp-content\/uploads\/2025\/04\/Mia-Bau-Handwerker.png 360w\" sizes=\"auto, (max-width: 181px) 100vw, 181px\" \/><\/p>\n<\/div><\/section><\/div><\/div><\/div><\/div><!-- close content main div --><\/div><\/div><div id='after_section_2'  class='main_color av_default_container_wrap container_wrap sidebar_right'  ><div class='container av-section-cont-open' ><div class='template-page content  av-content-small alpha units'><div class='post-entry post-entry-type-page post-entry-11511'><div class='entry-content-wrapper clearfix'>\n","protected":false},"excerpt":{"rendered":"","protected":false},"author":1,"featured_media":11250,"parent":0,"menu_order":0,"comment_status":"closed","ping_status":"closed","template":"","meta":{"footnotes":""},"class_list":["post-11511","page","type-page","status-publish","has-post-thumbnail","hentry"],"_links":{"self":[{"href":"http:\/\/www.designplanung.de\/projekt-007\/wp-json\/wp\/v2\/pages\/11511","targetHints":{"allow":["GET"]}}],"collection":[{"href":"http:\/\/www.designplanung.de\/projekt-007\/wp-json\/wp\/v2\/pages"}],"about":[{"href":"http:\/\/www.designplanung.de\/projekt-007\/wp-json\/wp\/v2\/types\/page"}],"author":[{"embeddable":true,"href":"http:\/\/www.designplanung.de\/projekt-007\/wp-json\/wp\/v2\/users\/1"}],"replies":[{"embeddable":true,"href":"http:\/\/www.designplanung.de\/projekt-007\/wp-json\/wp\/v2\/comments?post=11511"}],"version-history":[{"count":29,"href":"http:\/\/www.designplanung.de\/projekt-007\/wp-json\/wp\/v2\/pages\/11511\/revisions"}],"predecessor-version":[{"id":11618,"href":"http:\/\/www.designplanung.de\/projekt-007\/wp-json\/wp\/v2\/pages\/11511\/revisions\/11618"}],"wp:featuredmedia":[{"embeddable":true,"href":"http:\/\/www.designplanung.de\/projekt-007\/wp-json\/wp\/v2\/media\/11250"}],"wp:attachment":[{"href":"http:\/\/www.designplanung.de\/projekt-007\/wp-json\/wp\/v2\/media?parent=11511"}],"curies":[{"name":"wp","href":"https:\/\/api.w.org\/{rel}","templated":true}]}}