{"id":11496,"date":"2025-04-29T15:29:50","date_gmt":"2025-04-29T13:29:50","guid":{"rendered":"http:\/\/www.designplanung.de\/projekt-007\/?page_id=11496"},"modified":"2025-05-12T13:10:56","modified_gmt":"2025-05-12T11:10:56","slug":"jobs","status":"publish","type":"page","link":"http:\/\/www.designplanung.de\/projekt-007\/jobs\/","title":{"rendered":"Jobs"},"content":{"rendered":"<div id='av_section_1'  class='avia-section av-dpq2i20-ac9bad37d399ac7284c2ca77a02076d7 footer_color avia-section-default avia-no-border-styling  avia-builder-el-0  el_before_av_section  avia-builder-el-first  avia-bg-style-scroll av-minimum-height av-minimum-height-50 av-height-50  container_wrap sidebar_right'   data-av_minimum_height_pc='50' data-av_min_height_opt='50'><div class='container av-section-cont-open' ><main  role=\"main\" itemprop=\"mainContentOfPage\"  class='template-page content  av-content-small alpha units'><div class='post-entry post-entry-type-page post-entry-11496'><div class='entry-content-wrapper clearfix'>\n<div class='flex_column_table av-d78sqp4-22743a1001800afd82fa1f206dfe16b8 sc-av_three_fourth av-equal-height-column-flextable'>\n<style type=\"text\/css\" data-created_by=\"avia_inline_auto\" id=\"style-css-av-d78sqp4-22743a1001800afd82fa1f206dfe16b8\">\n.flex_column.av-d78sqp4-22743a1001800afd82fa1f206dfe16b8{\npadding:0px 0px 0px 0px;\n}\n<\/style>\n<div  class='flex_column av-d78sqp4-22743a1001800afd82fa1f206dfe16b8 av_three_fourth  avia-builder-el-1  el_before_av_one_fourth  avia-builder-el-first  first flex_column_table_cell av-equal-height-column av-align-middle av-animated-generic bottom-to-top av-zero-column-padding  '     ><section  class='av_textblock_section av-cov7vag-349b434599ecaa6a77e5ebf2e96fd77d '   itemscope=\"itemscope\" itemtype=\"https:\/\/schema.org\/CreativeWork\" ><div class='avia_textblock'  itemprop=\"text\" ><h1 style=\"text-align: left;\">Jobs bei Mia Bau<\/h1>\n<p style=\"text-align: left;\">Ganz gleich, ob du berufserfahren\u00a0bist oder noch am Anfang deiner Karriere stehst &#8211; wenn du n\u00f6tige Leidenschaft und Professionalit\u00e4t mitbringst, findest du bei uns garantiert den passenden Einstieg. Generell suchen wir immer Fachkr\u00e4ften in den Bereichen Fliesenlegen,\u00a0Trockenbau, Maler, Sanit\u00e4r und Elektriker. Au\u00dferdem findest\u00a0 du unten unsere aktuelle offene Stellen oder schick uns einfach eine Nachricht mit deinen Kontaktdaten. Wir melden uns bei dir schnellstm\u00f6glich zur\u00fcck.<\/p>\n<\/div><\/section><\/div><div class='av-flex-placeholder'><\/div>\n<style type=\"text\/css\" data-created_by=\"avia_inline_auto\" id=\"style-css-av-bgq82vc-40800653f64636f40abf3eb768adbdf2\">\n.flex_column.av-bgq82vc-40800653f64636f40abf3eb768adbdf2{\nborder-width:1px;\nborder-color:#ffffff;\nborder-style:solid;\nborder-radius:3px 3px 3px 3px;\npadding:0px 0px 0px 0px;\nbackground-color:rgba(255,255,255,0.19);\n}\n<\/style>\n<div  class='flex_column av-bgq82vc-40800653f64636f40abf3eb768adbdf2 av_one_fourth  avia-builder-el-3  el_after_av_three_fourth  avia-builder-el-last  flex_column_table_cell av-equal-height-column av-align-middle av-animated-generic bottom-to-top av-zero-column-padding  '     ><div  class='avia-button-wrap av-anuzyg8-e3777027fdda06dab1ba3c8f4ca21d7c-wrap avia-button-center  avia-builder-el-4  avia-builder-el-no-sibling '><a href=''  class='avia-button av-anuzyg8-e3777027fdda06dab1ba3c8f4ca21d7c avia-icon_select-no avia-size-medium avia-position-center avia-color-theme-color'  ><span class='avia_iconbox_title' >Jetzt bewerben<\/span><\/a><\/div><\/div><\/div><!--close column table wrapper. Autoclose: 1 -->\n\n<\/div><\/div><\/main><!-- close content main element --><\/div><\/div><div id='av_section_2'  class='avia-section av-adgv5wo-0e3e0b91a83abf8652f78e7e36c8704b main_color avia-section-huge avia-shadow  avia-builder-el-5  el_after_av_section  avia-builder-el-last  avia-bg-style-scroll container_wrap sidebar_right'  ><div class='container av-section-cont-open' ><div class='template-page content  av-content-small alpha units'><div class='post-entry post-entry-type-page post-entry-11496'><div class='entry-content-wrapper clearfix'>\n<div class='flex_column_table av-9bnyjc8-f4abcaa252d8923565ac7aa282fbdaec sc-av_three_fifth av-break-at-tablet-flextable av-equal-height-column-flextable'>\n<style type=\"text\/css\" data-created_by=\"avia_inline_auto\" id=\"style-css-av-9bnyjc8-f4abcaa252d8923565ac7aa282fbdaec\">\n.flex_column.av-9bnyjc8-f4abcaa252d8923565ac7aa282fbdaec{\nz-index:99;\npadding:4% 4% 4% 4%;\nbackground-color:#f7f7f7;\n}\n<\/style>\n<div  class='flex_column av-9bnyjc8-f4abcaa252d8923565ac7aa282fbdaec av_three_fifth  avia-builder-el-6  el_before_av_two_fifth  avia-builder-el-first  first no_margin av-break-at-tablet flex_column_table_cell av-equal-height-column av-align-middle av-animated-generic bottom-to-top av-custom-positioned  '     ><section  class='av_textblock_section av-8kvr154-a0cdf29d1c3e86e6a43a2c959892af16 '   itemscope=\"itemscope\" itemtype=\"https:\/\/schema.org\/CreativeWork\" ><div class='avia_textblock'  itemprop=\"text\" ><h1>Gut besetzt<\/h1>\n<p>Aktuell sind wir gut besetzt, schaut doch immer mal wieder rein.<\/p>\n<\/div><\/section><br \/>\n<div  class='avia-button-wrap av-ma2jyg7w-40aee4afdd79797e8fec607456987c30-wrap avia-button-left  avia-builder-el-8  el_after_av_textblock  avia-builder-el-last '><a href='http:\/\/www.designplanung.de\/projekt-007\/kontakt\/'  class='avia-button av-ma2jyg7w-40aee4afdd79797e8fec607456987c30 avia-icon_select-no avia-size-medium avia-position-left avia-color-theme-color'  ><span class='avia_iconbox_title' >Jetzt bewerben<\/span><\/a><\/div><\/p><\/div>\n<style type=\"text\/css\" data-created_by=\"avia_inline_auto\" id=\"style-css-av-siju3s-9e92f7346938d6685e4b793c375d4fb4\">\n.flex_column.av-siju3s-9e92f7346938d6685e4b793c375d4fb4{\nz-index:99;\npadding:4% 4% 4% 4%;\nbackground:url(http:\/\/www.designplanung.de\/projekt-007\/wp-content\/uploads\/2025\/04\/tapezierarbeiten-1030x687.jpg) 50% 50% no-repeat scroll #f7f7f7;\n}\n<\/style>\n<div  class='flex_column av-siju3s-9e92f7346938d6685e4b793c375d4fb4 av_two_fifth  avia-builder-el-9  el_after_av_three_fifth  avia-builder-el-last  no_margin av-break-at-tablet flex_column_table_cell av-equal-height-column av-align-middle av-animated-generic bottom-to-top av-custom-positioned avia-full-stretch  '     ><style type=\"text\/css\" data-created_by=\"avia_inline_auto\" id=\"style-css-av-ma2jx9gr-68df01c8bf9ff5696ea8040f634b6329\">\n#top .hr.hr-invisible.av-ma2jx9gr-68df01c8bf9ff5696ea8040f634b6329{\nheight:300px;\n}\n<\/style>\n<div  class='hr av-ma2jx9gr-68df01c8bf9ff5696ea8040f634b6329 hr-invisible  avia-builder-el-10  avia-builder-el-no-sibling '><span class='hr-inner '><span class=\"hr-inner-style\"><\/span><\/span><\/div><\/div><\/div><!--close column table wrapper. Autoclose: 1 -->\n<\/div><\/div><\/div><!-- close content main div --><\/div><\/div><div id='after_section_2'  class='main_color av_default_container_wrap container_wrap sidebar_right'  ><div class='container av-section-cont-open' ><div class='template-page content  av-content-small alpha units'><div class='post-entry post-entry-type-page post-entry-11496'><div class='entry-content-wrapper clearfix'>\n","protected":false},"excerpt":{"rendered":"","protected":false},"author":1,"featured_media":11361,"parent":0,"menu_order":0,"comment_status":"closed","ping_status":"closed","template":"","meta":{"footnotes":""},"class_list":["post-11496","page","type-page","status-publish","has-post-thumbnail","hentry"],"_links":{"self":[{"href":"http:\/\/www.designplanung.de\/projekt-007\/wp-json\/wp\/v2\/pages\/11496","targetHints":{"allow":["GET"]}}],"collection":[{"href":"http:\/\/www.designplanung.de\/projekt-007\/wp-json\/wp\/v2\/pages"}],"about":[{"href":"http:\/\/www.designplanung.de\/projekt-007\/wp-json\/wp\/v2\/types\/page"}],"author":[{"embeddable":true,"href":"http:\/\/www.designplanung.de\/projekt-007\/wp-json\/wp\/v2\/users\/1"}],"replies":[{"embeddable":true,"href":"http:\/\/www.designplanung.de\/projekt-007\/wp-json\/wp\/v2\/comments?post=11496"}],"version-history":[{"count":15,"href":"http:\/\/www.designplanung.de\/projekt-007\/wp-json\/wp\/v2\/pages\/11496\/revisions"}],"predecessor-version":[{"id":11611,"href":"http:\/\/www.designplanung.de\/projekt-007\/wp-json\/wp\/v2\/pages\/11496\/revisions\/11611"}],"wp:featuredmedia":[{"embeddable":true,"href":"http:\/\/www.designplanung.de\/projekt-007\/wp-json\/wp\/v2\/media\/11361"}],"wp:attachment":[{"href":"http:\/\/www.designplanung.de\/projekt-007\/wp-json\/wp\/v2\/media?parent=11496"}],"curies":[{"name":"wp","href":"https:\/\/api.w.org\/{rel}","templated":true}]}}